{"id":31,"date":"2025-01-13T14:13:46","date_gmt":"2025-01-13T14:13:46","guid":{"rendered":"https:\/\/kengdeli.com\/startseite"},"modified":"2025-01-22T03:15:36","modified_gmt":"2025-01-22T03:15:36","slug":"startseite","status":"publish","type":"page","link":"https:\/\/kengdeli.com\/de","title":{"rendered":"Startseite"},"content":{"rendered":"","protected":false},"excerpt":{"rendered":"","protected":false},"author":1,"featured_media":0,"parent":0,"menu_order":0,"comment_status":"closed","ping_status":"closed","template":"front-page.php","meta":{"_acf_changed":false,"footnotes":""},"class_list":["post-31","page","type-page","status-publish","hentry"],"acf":[],"yoast_head":"<title>Kengdeli.com<\/title>\n<meta name=\"description\" content=\"Das Restaurant KENG DELI liegt mitten in der belebten Fu\u00dfg\u00e4ngerzone Potsdams und ist somit ein ideales Ziel f\u00fcr alle, die moderne K\u00fcche sch\u00e4tzen\" \/>\n<meta name=\"robots\" content=\"index, follow, max-snippet:-1, max-image-preview:large, max-video-preview:-1\" \/>\n<link rel=\"canonical\" href=\"https:\/\/kengdeli.com\/de\" \/>\n<meta property=\"og:locale\" content=\"de_DE\" \/>\n<meta property=\"og:type\" content=\"article\" \/>\n<meta property=\"og:title\" content=\"Kengdeli.com\" \/>\n<meta property=\"og:description\" content=\"Das Restaurant KENG DELI liegt mitten in der belebten Fu\u00dfg\u00e4ngerzone Potsdams und ist somit ein ideales Ziel f\u00fcr alle, die moderne K\u00fcche sch\u00e4tzen\" \/>\n<meta property=\"og:url\" content=\"https:\/\/kengdeli.com\/de\" \/>\n<meta property=\"og:site_name\" content=\"Kengdeli.com\" \/>\n<meta property=\"article:modified_time\" content=\"2025-01-22T03:15:36+00:00\" \/>\n<meta name=\"twitter:card\" content=\"summary_large_image\" \/>\n<script type=\"application\/ld+json\" class=\"yoast-schema-graph\">{\"@context\":\"https:\/\/schema.org\",\"@graph\":[{\"@type\":\"WebPage\",\"@id\":\"https:\/\/kengdeli.com\/de\",\"url\":\"https:\/\/kengdeli.com\/de\",\"name\":\"Kengdeli.com\",\"isPartOf\":{\"@id\":\"https:\/\/kengdeli.com\/de#website\"},\"datePublished\":\"2025-01-13T14:13:46+00:00\",\"dateModified\":\"2025-01-22T03:15:36+00:00\",\"description\":\"Das Restaurant KENG DELI liegt mitten in der belebten Fu\u00dfg\u00e4ngerzone Potsdams und ist somit ein ideales Ziel f\u00fcr alle, die moderne K\u00fcche sch\u00e4tzen\",\"breadcrumb\":{\"@id\":\"https:\/\/kengdeli.com\/de#breadcrumb\"},\"inLanguage\":\"de\",\"potentialAction\":[{\"@type\":\"ReadAction\",\"target\":[\"https:\/\/kengdeli.com\/de\"]}]},{\"@type\":\"BreadcrumbList\",\"@id\":\"https:\/\/kengdeli.com\/de#breadcrumb\",\"itemListElement\":[{\"@type\":\"ListItem\",\"position\":1,\"name\":\"Home\",\"item\":\"https:\/\/kengdeli.com\/de\"},{\"@type\":\"ListItem\",\"position\":2,\"name\":\"Startseite\"}]},{\"@type\":\"WebSite\",\"@id\":\"https:\/\/kengdeli.com\/de#website\",\"url\":\"https:\/\/kengdeli.com\/de\",\"name\":\"Kengdeli.com\",\"description\":\"\",\"publisher\":{\"@id\":\"https:\/\/kengdeli.com\/de#organization\"},\"potentialAction\":[{\"@type\":\"SearchAction\",\"target\":{\"@type\":\"EntryPoint\",\"urlTemplate\":\"https:\/\/kengdeli.com\/de?s={search_term_string}\"},\"query-input\":{\"@type\":\"PropertyValueSpecification\",\"valueRequired\":true,\"valueName\":\"search_term_string\"}}],\"inLanguage\":\"de\"},{\"@type\":\"Organization\",\"@id\":\"https:\/\/kengdeli.com\/de#organization\",\"name\":\"Kengdeli.com\",\"url\":\"https:\/\/kengdeli.com\/de\",\"logo\":{\"@type\":\"ImageObject\",\"inLanguage\":\"de\",\"@id\":\"https:\/\/kengdeli.com\/de#\/schema\/logo\/image\/\",\"url\":\"https:\/\/kengdeli.com\/wp-content\/uploads\/2025\/01\/logo.webp\",\"contentUrl\":\"https:\/\/kengdeli.com\/wp-content\/uploads\/2025\/01\/logo.webp\",\"width\":173,\"height\":136,\"caption\":\"Kengdeli.com\"},\"image\":{\"@id\":\"https:\/\/kengdeli.com\/de#\/schema\/logo\/image\/\"}}]}<\/script>","yoast_head_json":{"title":"Kengdeli.com","description":"Das Restaurant KENG DELI liegt mitten in der belebten Fu\u00dfg\u00e4ngerzone Potsdams und ist somit ein ideales Ziel f\u00fcr alle, die moderne K\u00fcche sch\u00e4tzen","robots":{"index":"index","follow":"follow","max-snippet":"max-snippet:-1","max-image-preview":"max-image-preview:large","max-video-preview":"max-video-preview:-1"},"canonical":"https:\/\/kengdeli.com\/de","og_locale":"de_DE","og_type":"article","og_title":"Kengdeli.com","og_description":"Das Restaurant KENG DELI liegt mitten in der belebten Fu\u00dfg\u00e4ngerzone Potsdams und ist somit ein ideales Ziel f\u00fcr alle, die moderne K\u00fcche sch\u00e4tzen","og_url":"https:\/\/kengdeli.com\/de","og_site_name":"Kengdeli.com","article_modified_time":"2025-01-22T03:15:36+00:00","twitter_card":"summary_large_image","schema":{"@context":"https:\/\/schema.org","@graph":[{"@type":"WebPage","@id":"https:\/\/kengdeli.com\/de","url":"https:\/\/kengdeli.com\/de","name":"Kengdeli.com","isPartOf":{"@id":"https:\/\/kengdeli.com\/de#website"},"datePublished":"2025-01-13T14:13:46+00:00","dateModified":"2025-01-22T03:15:36+00:00","description":"Das Restaurant KENG DELI liegt mitten in der belebten Fu\u00dfg\u00e4ngerzone Potsdams und ist somit ein ideales Ziel f\u00fcr alle, die moderne K\u00fcche sch\u00e4tzen","breadcrumb":{"@id":"https:\/\/kengdeli.com\/de#breadcrumb"},"inLanguage":"de","potentialAction":[{"@type":"ReadAction","target":["https:\/\/kengdeli.com\/de"]}]},{"@type":"BreadcrumbList","@id":"https:\/\/kengdeli.com\/de#breadcrumb","itemListElement":[{"@type":"ListItem","position":1,"name":"Home","item":"https:\/\/kengdeli.com\/de"},{"@type":"ListItem","position":2,"name":"Startseite"}]},{"@type":"WebSite","@id":"https:\/\/kengdeli.com\/de#website","url":"https:\/\/kengdeli.com\/de","name":"Kengdeli.com","description":"","publisher":{"@id":"https:\/\/kengdeli.com\/de#organization"},"potentialAction":[{"@type":"SearchAction","target":{"@type":"EntryPoint","urlTemplate":"https:\/\/kengdeli.com\/de?s={search_term_string}"},"query-input":{"@type":"PropertyValueSpecification","valueRequired":true,"valueName":"search_term_string"}}],"inLanguage":"de"},{"@type":"Organization","@id":"https:\/\/kengdeli.com\/de#organization","name":"Kengdeli.com","url":"https:\/\/kengdeli.com\/de","logo":{"@type":"ImageObject","inLanguage":"de","@id":"https:\/\/kengdeli.com\/de#\/schema\/logo\/image\/","url":"https:\/\/kengdeli.com\/wp-content\/uploads\/2025\/01\/logo.webp","contentUrl":"https:\/\/kengdeli.com\/wp-content\/uploads\/2025\/01\/logo.webp","width":173,"height":136,"caption":"Kengdeli.com"},"image":{"@id":"https:\/\/kengdeli.com\/de#\/schema\/logo\/image\/"}}]}},"_links":{"self":[{"href":"https:\/\/kengdeli.com\/de\/wp-json\/wp\/v2\/pages\/31","targetHints":{"allow":["GET"]}}],"collection":[{"href":"https:\/\/kengdeli.com\/de\/wp-json\/wp\/v2\/pages"}],"about":[{"href":"https:\/\/kengdeli.com\/de\/wp-json\/wp\/v2\/types\/page"}],"author":[{"embeddable":true,"href":"https:\/\/kengdeli.com\/de\/wp-json\/wp\/v2\/users\/1"}],"replies":[{"embeddable":true,"href":"https:\/\/kengdeli.com\/de\/wp-json\/wp\/v2\/comments?post=31"}],"version-history":[{"count":1,"href":"https:\/\/kengdeli.com\/de\/wp-json\/wp\/v2\/pages\/31\/revisions"}],"predecessor-version":[{"id":155,"href":"https:\/\/kengdeli.com\/de\/wp-json\/wp\/v2\/pages\/31\/revisions\/155"}],"wp:attachment":[{"href":"https:\/\/kengdeli.com\/de\/wp-json\/wp\/v2\/media?parent=31"}],"curies":[{"name":"wp","href":"https:\/\/api.w.org\/{rel}","templated":true}]}}